{"id":10,"date":"2017-11-16T21:16:56","date_gmt":"2017-11-16T20:16:56","guid":{"rendered":"http:\/\/prist-esanpdc.fr\/?page_id=10"},"modified":"2025-11-03T21:53:35","modified_gmt":"2025-11-03T20:53:35","slug":"accueil","status":"publish","type":"page","link":"https:\/\/prist-esanpdc.fr\/","title":{"rendered":"Pr\u00e9sentation du programme de recherche"},"content":{"rendered":"\n<div class=\"wp-block-group is-nowrap is-layout-flex wp-container-core-group-is-layout-ad2f72ca wp-block-group-is-layout-flex\">\n<div class=\"wp-block-group\"><div class=\"wp-block-group__inner-container is-layout-constrained wp-block-group-is-layout-constrained\">\n<p>Ce site fait \u00e9tat du Programme de&nbsp; Recherche Images, sciences et technologies (Prist) de l&rsquo;<a href=\"https:\/\/www.esa-n.info\/\" data-type=\"link\" data-id=\"https:\/\/www.esa-n.info\/\">\u00c9cole sup\u00e9rieure d\u2019art | Dunkerque-Tourcoing<\/a> (Es\u00e4) en partenariat avec des laboratoires de sciences exactes.<\/p>\n\n\n\n<p>L&rsquo;objectif de ce programme de recherche&nbsp; est de r\u00e9fl\u00e9chir autrement aux enseignements de l&rsquo;art en inventant des manifestations \u00e0 l&rsquo;interface des arts et des sciences.<\/p>\n<\/div><\/div>\n<\/div>\n\n\n<div class=\"wp-block-image\">\n<figure class=\"aligncenter\"><img loading=\"lazy\" decoding=\"async\" width=\"960\" height=\"542\" src=\"http:\/\/prist-esanpdc.fr\/wp-content\/uploads\/2018\/09\/Photo-amphi.jpg\" alt=\"\" class=\"wp-image-481\" srcset=\"https:\/\/prist-esanpdc.fr\/wp-content\/uploads\/2018\/09\/Photo-amphi.jpg 960w, https:\/\/prist-esanpdc.fr\/wp-content\/uploads\/2018\/09\/Photo-amphi-600x339.jpg 600w, https:\/\/prist-esanpdc.fr\/wp-content\/uploads\/2018\/09\/Photo-amphi-768x434.jpg 768w\" sizes=\"auto, (max-width: 706px) 89vw, (max-width: 767px) 82vw, 740px\" \/><\/figure>\n<\/div>\n\n\n<div class=\"wp-block-group is-nowrap is-layout-flex wp-container-core-group-is-layout-ad2f72ca wp-block-group-is-layout-flex\">\n<div class=\"wp-block-group\"><div class=\"wp-block-group__inner-container is-layout-constrained wp-block-group-is-layout-constrained\">\n<p>Depuis 2015, l\u2019Es\u00e4 m\u00e8ne une recherche \u00e0 l\u2019interface de l\u2019art et de la science, amenant de jeunes artistes \u00e0 imaginer des formes plastiques, en collaboration directe avec des scientifiques, leurs sources et leur iconographie.<\/p>\n\n\n\n<p><span style=\"font-weight: 400;\">Le programme de recherche <\/span><i><span style=\"font-weight: 400;\">Images, sciences et technologies<\/span><\/i><span style=\"font-weight: 400;\">&nbsp;(Prist) mis en place \u00e0 l&rsquo;<a href=\"http:\/\/esa-n.info\/\">E<\/a>cole sup\u00e9rieure d\u2019art | Dunkerque-Tourcoing&nbsp;(Es\u00e4) depuis 2015 s\u2019ancre dans l\u2019histoire des pratiques artistiques qui font usage du \u201cmat\u00e9riau\u201d science, en tant que ce dernier rec\u00e8le en effet une grande capacit\u00e9 d\u2019ensemencement.&nbsp;<\/span><\/p>\n<\/div><\/div>\n<\/div>\n\n\n\n<p><strong>Plusieurs laboratoires ou \u00e9quipes scientifiques de recherche ont contribu\u00e9 au programme :<\/strong><\/p>\n\n\n\n<p><a href=\"http:\/\/prist-esanpdc.fr\/?p=1283\">\/\/ Chiffres Cl\u00e9s : Partenariats &#8211; Conventions \/\/<\/a><\/p>\n\n\n\n<p><a href=\"http:\/\/www.polytech-lille.fr\/ecole-d-ingenieurs.html#.W410ZZP-jUo\">Polytech&rsquo;Lille, Ecole d&rsquo;Ing\u00e9nieurs, Universit\u00e9 de Lille, depuis 2017<\/a><\/p>\n\n\n\n<ul class=\"wp-block-list\">\n<li><a href=\"http:\/\/tisbio.wixsite.com\/tisbio\">La Plateforme de microscopie TISBio<\/a>,&nbsp; partenaire de r\u00e9f\u00e9rence du programme, avec lequel ont \u00e9t\u00e9 construites les activit\u00e9s depuis 2016<\/li>\n\n\n\n<li><a href=\"http:\/\/www.scalab.cnrs.fr\/index.php\/fr\/\">Le SCALab,<\/a>&nbsp;(Sciences Cognitives &amp; Sciences Affectives), Universit\u00e9 de Lille, 2015-2016<\/li>\n\n\n\n<li><a href=\"https:\/\/phototheque.cnrs.fr\/\">La phototh\u00e8que du CNRS<\/a>, depuis 2016<\/li>\n\n\n\n<li><a href=\"https:\/\/home.cern\/fr\">Le CERN,<\/a> 2017-2018<\/li>\n\n\n\n<li><a href=\"http:\/\/www.labex-cappa.fr\/\">Le labex CaPPA<\/a> (Physique et Chimie de l\u2019environnement atmosph\u00e9rique) et en particulier le Laboratoire en optique atmosph\u00e9rique, 2018-2019.<\/li>\n\n\n\n<li><a href=\"https:\/\/ircica.univ-lille.fr\/fr\/linstitut\">L&rsquo;IRCICA<\/a>, (Institut de Recherche sur les Composants logiciels et mat\u00e9riels pour l\u2019Information et la Communication Avanc\u00e9e), Universit\u00e9 de Lille \/ CNRS, depuis 2019<\/li>\n<\/ul>\n\n\n\n<figure class=\"wp-block-image alignnone size-medium wp-image-255\"><img loading=\"lazy\" decoding=\"async\" width=\"600\" height=\"337\" src=\"http:\/\/prist-esanpdc.fr\/wp-content\/uploads\/2018\/08\/Visite-labo-Heng-Liang-600x337.png\" alt=\"\" class=\"wp-image-255\" srcset=\"https:\/\/prist-esanpdc.fr\/wp-content\/uploads\/2018\/08\/Visite-labo-Heng-Liang-600x337.png 600w, https:\/\/prist-esanpdc.fr\/wp-content\/uploads\/2018\/08\/Visite-labo-Heng-Liang-768x431.png 768w, https:\/\/prist-esanpdc.fr\/wp-content\/uploads\/2018\/08\/Visite-labo-Heng-Liang-2024x1136.png 2024w\" sizes=\"auto, (max-width: 600px) 100vw, 600px\" \/><figcaption class=\"wp-element-caption\">Manipulation par Corentin Spriet pour le projet artistique de Heng Liang, Ubi Rosa Est, 2017<\/figcaption><\/figure>\n\n\n\n<p><span style=\"font-weight: 400;\">Il est en effet des d\u00e9fis que l\u2019on se lance parfois et celui-ci est non des moindres. Comment int\u00e9resser des \u00e9tudiants en \u00e9cole d\u2019art aux avanc\u00e9es les plus pointues des sciences contemporaines, par exemple \u00e0 la physique des particules ? Comment les amener \u00e0 y travailler du point de vue de la cr\u00e9ation contemporaine ? Ce programme de recherche est mis en oeuvre par une \u00e9quipe d\u2019enseignants de l\u2019Es\u00e4 dont le noyau dur est constitu\u00e9 de Nathalie Stefanov,  St\u00e9phane Cab\u00e9e, Marie Lelouche et Cyril Crignon et Hugo Din\u00ebr, en partenariat avec la plateforme de microscopie TISBio (UGSF, Universit\u00e9 de Lille) et Polytech&rsquo;Lille. Chaque ann\u00e9e il s\u2019adresse \u00e0 une vingtaine d\u2019\u00e9tudiants, de la 3\u00e8me \u00e0 la 5\u00e8me ann\u00e9e.<\/span><\/p>\n\n\n\n<figure class=\"wp-block-image size-large is-resized\"><img loading=\"lazy\" decoding=\"async\" width=\"2024\" height=\"1349\" src=\"https:\/\/prist-esanpdc.fr\/wp-content\/uploads\/2025\/01\/accueil-copie-2-2024x1349.jpg\" alt=\"\" class=\"wp-image-2672\" srcset=\"https:\/\/prist-esanpdc.fr\/wp-content\/uploads\/2025\/01\/accueil-copie-2-2024x1349.jpg 2024w, https:\/\/prist-esanpdc.fr\/wp-content\/uploads\/2025\/01\/accueil-copie-2-600x400.jpg 600w, https:\/\/prist-esanpdc.fr\/wp-content\/uploads\/2025\/01\/accueil-copie-2-768x512.jpg 768w, https:\/\/prist-esanpdc.fr\/wp-content\/uploads\/2025\/01\/accueil-copie-2-1536x1024.jpg 1536w, https:\/\/prist-esanpdc.fr\/wp-content\/uploads\/2025\/01\/accueil-copie-2-2048x1365.jpg 2048w\" sizes=\"auto, (max-width: 706px) 89vw, (max-width: 767px) 82vw, 740px\" \/><figcaption class=\"wp-element-caption\">R\u00e9alisation des projets, Module de co-cr\u00e9ation Arts et Sciences avec Polytech&rsquo;Lille, Fabricrium<\/figcaption><\/figure>\n","protected":false},"excerpt":{"rendered":"<p>Ce site fait \u00e9tat du Programme de&nbsp; Recherche Images, sciences et technologies (Prist) de l&rsquo;\u00c9cole sup\u00e9rieure d\u2019art | Dunkerque-Tourcoing (Es\u00e4) en partenariat avec des laboratoires de sciences exactes. L&rsquo;objectif de ce programme de recherche&nbsp; est de r\u00e9fl\u00e9chir autrement aux enseignements de l&rsquo;art en inventant des manifestations \u00e0 l&rsquo;interface des arts et des sciences. Depuis 2015, &hellip; <\/p>\n<p class=\"link-more\"><a href=\"https:\/\/prist-esanpdc.fr\/\" class=\"more-link\">Continuer la lecture<span class=\"screen-reader-text\"> de &laquo;&nbsp;Pr\u00e9sentation du programme de recherche&nbsp;&raquo;<\/span><\/a><\/p>\n","protected":false},"author":3,"featured_media":0,"parent":0,"menu_order":0,"comment_status":"closed","ping_status":"closed","template":"","meta":{"footnotes":""},"class_list":["post-10","page","type-page","status-publish","hentry"],"_links":{"self":[{"href":"https:\/\/prist-esanpdc.fr\/index.php?rest_route=\/wp\/v2\/pages\/10","targetHints":{"allow":["GET"]}}],"collection":[{"href":"https:\/\/prist-esanpdc.fr\/index.php?rest_route=\/wp\/v2\/pages"}],"about":[{"href":"https:\/\/prist-esanpdc.fr\/index.php?rest_route=\/wp\/v2\/types\/page"}],"author":[{"embeddable":true,"href":"https:\/\/prist-esanpdc.fr\/index.php?rest_route=\/wp\/v2\/users\/3"}],"replies":[{"embeddable":true,"href":"https:\/\/prist-esanpdc.fr\/index.php?rest_route=%2Fwp%2Fv2%2Fcomments&post=10"}],"version-history":[{"count":52,"href":"https:\/\/prist-esanpdc.fr\/index.php?rest_route=\/wp\/v2\/pages\/10\/revisions"}],"predecessor-version":[{"id":2777,"href":"https:\/\/prist-esanpdc.fr\/index.php?rest_route=\/wp\/v2\/pages\/10\/revisions\/2777"}],"wp:attachment":[{"href":"https:\/\/prist-esanpdc.fr\/index.php?rest_route=%2Fwp%2Fv2%2Fmedia&parent=10"}],"curies":[{"name":"wp","href":"https:\/\/api.w.org\/{rel}","templated":true}]}}